{"id":5193,"date":"2024-06-10T09:09:43","date_gmt":"2024-06-10T09:09:43","guid":{"rendered":"https:\/\/katalonienbesuch.com\/?page_id=5193"},"modified":"2024-06-10T09:19:09","modified_gmt":"2024-06-10T09:19:09","slug":"home-2024","status":"publish","type":"page","link":"https:\/\/katalonienbesuch.com\/es\/","title":{"rendered":"Home 2024"},"content":{"rendered":"\t\t<div data-elementor-type=\"wp-page\" data-elementor-id=\"5193\" class=\"elementor elementor-5193 elementor-5146\" data-elementor-post-type=\"page\">\n\t\t\t\t<div class=\"elementor-element elementor-element-864bd11 e-flex e-con-boxed e-con e-parent\" data-id=\"864bd11\" data-element_type=\"container\" data-settings=\"{&quot;background_background&quot;:&quot;gradient&quot;,&quot;shape_divider_bottom&quot;:&quot;waves&quot;}\">\n\t\t\t\t\t<div class=\"e-con-inner\">\n\t\t\t\t<div class=\"elementor-shape elementor-shape-bottom\" aria-hidden=\"true\" data-negative=\"false\">\n\t\t\t<svg xmlns=\"http:\/\/www.w3.org\/2000\/svg\" viewBox=\"0 0 1000 100\" preserveAspectRatio=\"none\">\n\t<path class=\"elementor-shape-fill\" d=\"M421.9,6.5c22.6-2.5,51.5,0.4,75.5,5.3c23.6,4.9,70.9,23.5,100.5,35.7c75.8,32.2,133.7,44.5,192.6,49.7\n\tc23.6,2.1,48.7,3.5,103.4-2.5c54.7-6,106.2-25.6,106.2-25.6V0H0v30.3c0,0,72,32.6,158.4,30.5c39.2-0.7,92.8-6.7,134-22.4\n\tc21.2-8.1,52.2-18.2,79.7-24.2C399.3,7.9,411.6,7.5,421.9,6.5z\"\/>\n<\/svg>\t\t<\/div>\n\t\t<div class=\"elementor-element elementor-element-18f2c11 e-con-full e-flex e-con e-child\" data-id=\"18f2c11\" data-element_type=\"container\">\n\t\t\t\t<div class=\"elementor-element elementor-element-ad2d066 elementor-widget elementor-widget-heading\" data-id=\"ad2d066\" data-element_type=\"widget\" data-widget_type=\"heading.default\">\n\t\t\t\t<div class=\"elementor-widget-container\">\n\t\t\t\t\t<h3 class=\"elementor-heading-title elementor-size-default\">CAST Wollen Sie Barcelona und Katalonien mit einem Einheimischen kennen lernen?<\/h3>\t\t\t\t<\/div>\n\t\t\t\t<\/div>\n\t\t\t\t<div class=\"elementor-element elementor-element-fd7e129 elementor-widget elementor-widget-heading\" data-id=\"fd7e129\" data-element_type=\"widget\" data-widget_type=\"heading.default\">\n\t\t\t\t<div class=\"elementor-widget-container\">\n\t\t\t\t\t<h1 class=\"elementor-heading-title elementor-size-default\">Gu\u00eda Oficial privado en Barcelona y Catalu\u00f1a<\/h1>\t\t\t\t<\/div>\n\t\t\t\t<\/div>\n\t\t\t\t<div class=\"elementor-element elementor-element-10eb508 elementor-widget elementor-widget-text-editor\" data-id=\"10eb508\" data-element_type=\"widget\" data-widget_type=\"text-editor.default\">\n\t\t\t\t<div class=\"elementor-widget-container\">\n\t\t\t\t\t\t\t\t\t<p>Sr. \/ Sra. visitante: Barcelona y toda la regi\u00f3n de Catalu\u00f1a ofrecen al visitante enormes posibilidades para pasar una estancia amena e interesante.<\/p>\t\t\t\t\t\t\t\t<\/div>\n\t\t\t\t<\/div>\n\t\t\t\t<div class=\"elementor-element elementor-element-f8abca2 elementor-mobile-align-center elementor-widget elementor-widget-button\" data-id=\"f8abca2\" data-element_type=\"widget\" data-widget_type=\"button.default\">\n\t\t\t\t<div class=\"elementor-widget-container\">\n\t\t\t\t\t\t\t\t\t<div class=\"elementor-button-wrapper\">\n\t\t\t\t\t<a class=\"elementor-button elementor-button-link elementor-size-md\" href=\"#about\">\n\t\t\t\t\t\t<span class=\"elementor-button-content-wrapper\">\n\t\t\t\t\t\t<span class=\"elementor-button-icon\">\n\t\t\t\t<svg aria-hidden=\"true\" class=\"e-font-icon-svg e-fas-arrow-down\" viewBox=\"0 0 448 512\" xmlns=\"http:\/\/www.w3.org\/2000\/svg\"><path d=\"M413.1 222.5l22.2 22.2c9.4 9.4 9.4 24.6 0 33.9L241 473c-9.4 9.4-24.6 9.4-33.9 0L12.7 278.6c-9.4-9.4-9.4-24.6 0-33.9l22.2-22.2c9.5-9.5 25-9.3 34.3.4L184 343.4V56c0-13.3 10.7-24 24-24h32c13.3 0 24 10.7 24 24v287.4l114.8-120.5c9.3-9.8 24.8-10 34.3-.4z\"><\/path><\/svg>\t\t\t<\/span>\n\t\t\t\t\t\t\t\t\t<span class=\"elementor-button-text\">Sobre m\u00ed<\/span>\n\t\t\t\t\t<\/span>\n\t\t\t\t\t<\/a>\n\t\t\t\t<\/div>\n\t\t\t\t\t\t\t\t<\/div>\n\t\t\t\t<\/div>\n\t\t\t\t<\/div>\n\t\t<div class=\"elementor-element elementor-element-f0c4e83 e-con-full e-flex e-con e-child\" data-id=\"f0c4e83\" data-element_type=\"container\">\n\t\t\t\t<div class=\"elementor-element elementor-element-a1b7075 elementor-widget elementor-widget-image\" data-id=\"a1b7075\" data-element_type=\"widget\" data-settings=\"{&quot;motion_fx_motion_fx_scrolling&quot;:&quot;yes&quot;,&quot;motion_fx_translateY_effect&quot;:&quot;yes&quot;,&quot;motion_fx_translateY_speed&quot;:{&quot;unit&quot;:&quot;px&quot;,&quot;size&quot;:&quot;1&quot;,&quot;sizes&quot;:[]},&quot;_animation&quot;:&quot;none&quot;,&quot;motion_fx_translateY_affectedRange&quot;:{&quot;unit&quot;:&quot;%&quot;,&quot;size&quot;:&quot;&quot;,&quot;sizes&quot;:{&quot;start&quot;:0,&quot;end&quot;:100}},&quot;motion_fx_devices&quot;:[&quot;desktop&quot;,&quot;tablet&quot;,&quot;mobile&quot;]}\" data-widget_type=\"image.default\">\n\t\t\t\t<div class=\"elementor-widget-container\">\n\t\t\t\t\t\t\t\t\t\t\t\t\t\t\t<img fetchpriority=\"high\" decoding=\"async\" width=\"2557\" height=\"2560\" src=\"https:\/\/katalonienbesuch.com\/wp-content\/uploads\/2024\/06\/axel-foto-scaled-1.jpeg\" class=\"attachment-full size-full wp-image-5133\" alt=\"\" srcset=\"https:\/\/katalonienbesuch.com\/wp-content\/uploads\/2024\/06\/axel-foto-scaled-1.jpeg 2557w, https:\/\/katalonienbesuch.com\/wp-content\/uploads\/2024\/06\/axel-foto-scaled-1-300x300.jpeg 300w, https:\/\/katalonienbesuch.com\/wp-content\/uploads\/2024\/06\/axel-foto-scaled-1-1024x1024.jpeg 1024w, https:\/\/katalonienbesuch.com\/wp-content\/uploads\/2024\/06\/axel-foto-scaled-1-150x150.jpeg 150w, https:\/\/katalonienbesuch.com\/wp-content\/uploads\/2024\/06\/axel-foto-scaled-1-768x769.jpeg 768w, https:\/\/katalonienbesuch.com\/wp-content\/uploads\/2024\/06\/axel-foto-scaled-1-1534x1536.jpeg 1534w, https:\/\/katalonienbesuch.com\/wp-content\/uploads\/2024\/06\/axel-foto-scaled-1-2046x2048.jpeg 2046w, https:\/\/katalonienbesuch.com\/wp-content\/uploads\/2024\/06\/axel-foto-scaled-1-146x146.jpeg 146w, https:\/\/katalonienbesuch.com\/wp-content\/uploads\/2024\/06\/axel-foto-scaled-1-50x50.jpeg 50w, https:\/\/katalonienbesuch.com\/wp-content\/uploads\/2024\/06\/axel-foto-scaled-1-75x75.jpeg 75w, https:\/\/katalonienbesuch.com\/wp-content\/uploads\/2024\/06\/axel-foto-scaled-1-85x85.jpeg 85w, https:\/\/katalonienbesuch.com\/wp-content\/uploads\/2024\/06\/axel-foto-scaled-1-80x80.jpeg 80w\" sizes=\"(max-width: 2557px) 100vw, 2557px\" \/>\t\t\t\t\t\t\t\t\t\t\t\t\t\t\t<\/div>\n\t\t\t\t<\/div>\n\t\t\t\t<\/div>\n\t\t\t\t\t<\/div>\n\t\t\t\t<\/div>\n\t\t<div class=\"elementor-element elementor-element-b6b37a6 e-flex e-con-boxed e-con e-parent\" data-id=\"b6b37a6\" data-element_type=\"container\" data-settings=\"{&quot;background_background&quot;:&quot;classic&quot;}\">\n\t\t\t\t\t<div class=\"e-con-inner\">\n\t\t<div class=\"elementor-element elementor-element-ad547e5 e-flex e-con-boxed e-con e-child\" data-id=\"ad547e5\" data-element_type=\"container\">\n\t\t\t\t\t<div class=\"e-con-inner\">\n\t\t<div class=\"elementor-element elementor-element-90a5631 e-con-full e-flex e-con e-child\" data-id=\"90a5631\" data-element_type=\"container\">\n\t\t\t\t<div class=\"elementor-element elementor-element-c0973df elementor-widget elementor-widget-heading\" data-id=\"c0973df\" data-element_type=\"widget\" data-widget_type=\"heading.default\">\n\t\t\t\t<div class=\"elementor-widget-container\">\n\t\t\t\t\t<h3 class=\"elementor-heading-title elementor-size-default\">Guia nativo de barcelona. <\/h3>\t\t\t\t<\/div>\n\t\t\t\t<\/div>\n\t\t\t\t<div class=\"elementor-element elementor-element-0830f4b elementor-widget elementor-widget-heading\" data-id=\"0830f4b\" data-element_type=\"widget\" data-settings=\"{&quot;motion_fx_motion_fx_scrolling&quot;:&quot;yes&quot;,&quot;motion_fx_translateY_effect&quot;:&quot;yes&quot;,&quot;motion_fx_translateY_speed&quot;:{&quot;unit&quot;:&quot;px&quot;,&quot;size&quot;:&quot;0.5&quot;,&quot;sizes&quot;:[]},&quot;motion_fx_translateY_affectedRange&quot;:{&quot;unit&quot;:&quot;%&quot;,&quot;size&quot;:&quot;&quot;,&quot;sizes&quot;:{&quot;start&quot;:&quot;0&quot;,&quot;end&quot;:&quot;50&quot;}},&quot;motion_fx_opacity_effect&quot;:&quot;yes&quot;,&quot;motion_fx_opacity_range&quot;:{&quot;unit&quot;:&quot;%&quot;,&quot;size&quot;:&quot;&quot;,&quot;sizes&quot;:{&quot;start&quot;:&quot;0&quot;,&quot;end&quot;:&quot;50&quot;}},&quot;motion_fx_opacity_direction&quot;:&quot;out-in&quot;,&quot;motion_fx_opacity_level&quot;:{&quot;unit&quot;:&quot;px&quot;,&quot;size&quot;:10,&quot;sizes&quot;:[]},&quot;motion_fx_devices&quot;:[&quot;desktop&quot;,&quot;tablet&quot;,&quot;mobile&quot;]}\" data-widget_type=\"heading.default\">\n\t\t\t\t<div class=\"elementor-widget-container\">\n\t\t\t\t\t<h2 class=\"elementor-heading-title elementor-size-default\">Un gu\u00eda privado se adapta encantado a sus deseos e intereses personales y le organiza una visita a medida.<\/h2>\t\t\t\t<\/div>\n\t\t\t\t<\/div>\n\t\t\t\t<div class=\"elementor-element elementor-element-60d3495 elementor-widget elementor-widget-text-editor\" data-id=\"60d3495\" data-element_type=\"widget\" data-widget_type=\"text-editor.default\">\n\t\t\t\t<div class=\"elementor-widget-container\">\n\t\t\t\t\t\t\t\t\t<p>Evidentemente podr\u00e1 Ud. visitar en un ambiente privado, en su ambiente, los monumentos mudialmente conocidos de Barcelona o de toda la regi\u00f3n: la Sagrada Familia, el Barrio G\u00f3tico, las construcciones de Gaud\u00ed patrimonio de la humanidad, Montserrat, Girona, etc. Pero tambi\u00e9n puede usted dejar que le sean sugeridos lugares o comarcas diferentes, especiales, muy alejados de las rutas del turismo de masas.<\/p><p>Y precisamente esto es lo que quiero ofrecerle como gu\u00eda de turismo privado e independiente: rutas totalmente adaptadas a sus necesidades, desde una visita de dos hores, medio d\u00eda o d\u00eda entero, hasta excursiones de un d\u00eda o m\u00e1s. Desde una visita normal para personas interesadas en el arte, la historia o la cultura hasta una excursi\u00f3n de monta\u00f1a para amantes de la naturaleza, los grandes paisajes y peque\u00f1os pueblos.<\/p><p>Cons\u00falteme, escr\u00edbame, d\u00edgame cu\u00e1les son sus deseos! Ser\u00e1 un placer para mi poder asesorarle y acompa\u00f1arle.<\/p><p>Saludos cordiales,<br \/><b>Alex Steindorff<\/b><\/p>\t\t\t\t\t\t\t\t<\/div>\n\t\t\t\t<\/div>\n\t\t\t\t<\/div>\n\t\t\t\t<div class=\"elementor-element elementor-element-05aca4d elementor-align-right elementor-mobile-align-center elementor-widget-mobile__width-inherit elementor-widget elementor-widget-button\" data-id=\"05aca4d\" data-element_type=\"widget\" data-widget_type=\"button.default\">\n\t\t\t\t<div class=\"elementor-widget-container\">\n\t\t\t\t\t\t\t\t\t<div class=\"elementor-button-wrapper\">\n\t\t\t\t\t<a class=\"elementor-button elementor-button-link elementor-size-md\" href=\"https:\/\/katalonienbesuch.com\/es\/vorschlag\/barcelona-es\/\">\n\t\t\t\t\t\t<span class=\"elementor-button-content-wrapper\">\n\t\t\t\t\t\t<span class=\"elementor-button-icon\">\n\t\t\t\t<svg aria-hidden=\"true\" class=\"e-font-icon-svg e-fas-arrow-right\" viewBox=\"0 0 448 512\" xmlns=\"http:\/\/www.w3.org\/2000\/svg\"><path d=\"M190.5 66.9l22.2-22.2c9.4-9.4 24.6-9.4 33.9 0L441 239c9.4 9.4 9.4 24.6 0 33.9L246.6 467.3c-9.4 9.4-24.6 9.4-33.9 0l-22.2-22.2c-9.5-9.5-9.3-25 .4-34.3L311.4 296H24c-13.3 0-24-10.7-24-24v-32c0-13.3 10.7-24 24-24h287.4L190.9 101.2c-9.8-9.3-10-24.8-.4-34.3z\"><\/path><\/svg>\t\t\t<\/span>\n\t\t\t\t\t\t\t\t\t<span class=\"elementor-button-text\">Tours en Barcelona<\/span>\n\t\t\t\t\t<\/span>\n\t\t\t\t\t<\/a>\n\t\t\t\t<\/div>\n\t\t\t\t\t\t\t\t<\/div>\n\t\t\t\t<\/div>\n\t\t\t\t\t<\/div>\n\t\t\t\t<\/div>\n\t\t\t\t\t<\/div>\n\t\t\t\t<\/div>\n\t\t\t\t<\/div>\n\t\t","protected":false},"excerpt":{"rendered":"<p>CAST Wollen Sie Barcelona und Katalonien mit einem Einheimischen kennen lernen? Gu\u00eda Oficial privado en Barcelona y Catalu\u00f1a Sr. \/ Sra. visitante: Barcelona y toda la regi\u00f3n de Catalu\u00f1a ofrecen al visitante enormes posibilidades para pasar una estancia amena e interesante. Sobre m\u00ed Guia nativo de barcelona. Un gu\u00eda privado<span class=\"excerpt-hellip\"> [\u2026]<\/span><\/p>\n","protected":false},"author":5,"featured_media":0,"parent":0,"menu_order":0,"comment_status":"closed","ping_status":"closed","template":"elementor_header_footer","meta":{"ngg_post_thumbnail":0,"footnotes":""},"class_list":["post-5193","page","type-page","status-publish","hentry"],"_links":{"self":[{"href":"https:\/\/katalonienbesuch.com\/es\/wp-json\/wp\/v2\/pages\/5193","targetHints":{"allow":["GET"]}}],"collection":[{"href":"https:\/\/katalonienbesuch.com\/es\/wp-json\/wp\/v2\/pages"}],"about":[{"href":"https:\/\/katalonienbesuch.com\/es\/wp-json\/wp\/v2\/types\/page"}],"author":[{"embeddable":true,"href":"https:\/\/katalonienbesuch.com\/es\/wp-json\/wp\/v2\/users\/5"}],"replies":[{"embeddable":true,"href":"https:\/\/katalonienbesuch.com\/es\/wp-json\/wp\/v2\/comments?post=5193"}],"version-history":[{"count":7,"href":"https:\/\/katalonienbesuch.com\/es\/wp-json\/wp\/v2\/pages\/5193\/revisions"}],"predecessor-version":[{"id":5200,"href":"https:\/\/katalonienbesuch.com\/es\/wp-json\/wp\/v2\/pages\/5193\/revisions\/5200"}],"wp:attachment":[{"href":"https:\/\/katalonienbesuch.com\/es\/wp-json\/wp\/v2\/media?parent=5193"}],"curies":[{"name":"wp","href":"https:\/\/api.w.org\/{rel}","templated":true}]}}